{"id":30,"date":"2025-06-07T15:20:28","date_gmt":"2025-06-07T06:20:28","guid":{"rendered":"https:\/\/bashoukamisama9.mongolian.jp\/deutsch\/?page_id=30"},"modified":"2025-11-04T11:43:10","modified_gmt":"2025-11-04T02:43:10","slug":"krankheit","status":"publish","type":"page","link":"https:\/\/mental-erde.com\/deutsch\/krankheit\/","title":{"rendered":"Krankheiten"},"content":{"rendered":"\n<h3 class=\"wp-block-heading\">BEHANDELBARE PSYCHISCHE S\u00d6RUNGEN<\/h3>\n\n\n\n<pre class=\"wp-block-preformatted\">Panikst\u00f6rungen, Agoraphobie, Sozial Phobien,<br>Anpassungsst\u00f6rungen,<br>Angstst\u00f6rungen, Phobien,<br>Ersch\u00f6pfungssyndrom (Burn-Out-Syndrom),<br>Anhaltende affektive St\u00f6rungen<br>(Neurotische Depressionen \u00b7 Dysthymie) ,<br>Posttraumatische Belastungsst\u00f6rung (PTSD, komplexe PTSD ),<br>Schlafst\u00f6rungen,<br>Schizophrenie (chronisch, nicht Krankenhausaufenthalt erforderlich)<br>Schizoaffektive St\u00f6rungen<br>Selbstverletzung bei jungen Frauen,<br>Probleme mit Eltern bei jungen Frauen.<br><a href=\"https:\/\/bashoukamisama9.mongolian.jp\/deutsch\/krankheit\/#ADHS\">ADHS(Sehen Sie bitte hier. Klicken Sie hier.)<\/a><br>F\u00fcr Erwachsene und Kinder \/ Jugendliche<br>(ab 12 Jahren, ab der 7. Klasse), z.B DSTY Schuler und Schulerin<br>F\u00fcr alle, die in Japan wohnen, lernen, studieren, arbeiten und<br>Hausfrau.<\/pre>\n\n\n\n<h3 class=\"wp-block-heading\"><strong>1. DEPRESSION:<\/strong><\/h3>\n\n\n\n<pre class=\"wp-block-preformatted\">Depressionen sind h\u00e4ufige Erkrankungen, die in einer Vielzahl von<br>Lebenssituationen auftreten k\u00f6nnen und noch zu h\u00e4ufig unbehandelt bleiben,<br>weil sie nicht erkannt werden. Laut WHO ist zu erwarten, dass im Jahr 2020<br>Depressionen nach den Herz-Kreislauf-Erkrankungen weltweit die<br>zweith\u00e4ufigste Ursache von Invalidit\u00e4t sein werden.<br><br><strong>SYMPTOME VON DEPRESSION:<\/strong><br>Die Symptome der Depression sind Freudlosigkeit, Bedr\u00fccktheit,<br>Antriebslosigkeit, Interesselosigkeit, Angst, Selbstvorw\u00fcrfe, Schlafst\u00f6rungen,<br>M\u00fcdigkeit, Appetitverlust,<br>Energielosigkeit, Antriebslosigkeit, und k\u00f6rperliche Probleme, .<br>z.B. Durchfall, Kopfschmerzen, usw.<br><br><strong>Depressive Stimmung:<\/strong><br>Niedergeschlagenheit, eine anhaltende unangenehme Stimmung, die durch nichts<br>aufgehellt werden kann, Gef\u00fchle der Leere oder Traurigkeit.<br>Diese Stimmung h\u00e4lt auch dann an, wenn sich der Ausl\u00f6ser oder die Situation verbessert, <br>und ist nicht vor\u00fcbergehend.\u3000<br><br><strong>Verlust von Motivation oder Energie:<\/strong><br>Schmerzen bei allt\u00e4glichen Aufgaben wie \u201ekeine Lust zur Arbeit zu gehen\u201d, \u201edie Arbeit ist schwer\u201d, <br>\u201edas Pendeln ist schwer\u201d oder \u201ekeine Lust auf Hausarbeit\u201d. <br>Alles f\u00fchlt sich wie eine l\u00e4stige Pflicht an. Starkes Gef\u00fchl der M\u00fcdigkeit. Verminderte Libido. <br>Begegnungen mit anderen Menschen werden als l\u00e4stig empfunden<br><br><strong>Verminderte Konzentrations-, Denk- und Entscheidungsf\u00e4higkeit:<\/strong><br>Unf\u00e4higkeit, sich auf die Arbeit oder Hausarbeit zu konzentrieren, Ineffizienz, vermehrte<br>Fl\u00fcchtigkeitsfehler, Unf\u00e4higkeit, Entscheidungen zu treffen \u2013 Aufgaben, die zuvor zu<br>bew\u00e4ltigen waren, werden unm\u00f6glich.<br><br><strong>Gef\u00fchle der Wertlosigkeit und Selbstmordgedanken:<\/strong><br>Nichts macht mehr Freude, die Energie, etwas anzufangen, verschwindet, und man f\u00fchlt sich ersch\u00f6pft, <br>obwohl man nichts tut.<br>Die Gedanken werden unorganisiert, man kann nicht einmal mehr \u00fcber Kleinigkeiten<br>entscheiden. Man hat das Gef\u00fchl, keinen Grund zu haben zu existieren. <br>Man m\u00f6chte verschwinden, m\u00f6chte sterben.<br><br><strong>Appetitst\u00f6rungen:<\/strong><br>Schwierigkeiten beim Einschlafen, Aufwachen mitten in der Nacht oder am fr\u00fchen Morgen und Unf\u00e4higkeit, wieder einzuschlafen, Mangel an Tiefschlaf, umgekehrt starke.<br>Tagesm\u00fcdigkeit oder Verschlafenheit.<br>Appetitlosigkeit, Essen schmeckt fade, umgekehrt f\u00fchlt man sich gereizt und isst zu viel.<br><br>In den fr\u00fchen Stadien einer Depression ertragen Betroffene m\u00f6glicherweise ihre Leiden und geben sich nach au\u00dfen hin fr\u00f6hlich.<br><br><strong>Beobachtbare Merkmale im Alltag:<\/strong><br>Die depressive Stimmung ist morgens am st\u00e4rksten ausgepr\u00e4gt und bessert sich bis zum Abend etwas.<br>Der Umgang mit engen Freunden und Familienangeh\u00f6rigen wird emotional anstrengend.<br>Ablenkungen empfinden sie eher als Belastung denn als Erleichterung.<br>Es f\u00e4llt ihnen schwer, Zeitungen oder B\u00fccher zu Ende zu lesen.<br>Weitere f\u00fcr ihr Umfeld beobachtbare Merkmale<br>Ihre Bewegungen werden langsamer. Oder sie zappeln unruhig herum.<br>Sie sprechen weniger. Umgekehrt k\u00f6nnen sie auch ununterbrochen reden, <br>um von ihrer Angst oder Ungeduld abzulenken.<br>Sie werden reizbar oder schnell w\u00fctend.<br>Sie scheinen ein L\u00e4cheln zu erzwingen.<br><br><strong>K\u00f6rperliche Symptome:<\/strong><br>M\u00fcdigkeit, schnelle Ersch\u00f6pfung, schneller Gewichtsverlust aufgrund von Schlaflosigkeit <br>und Appetitlosigkeit, Gewichtszunahme, \u00dcberanstrengung der Augen, Kopfschmerzen,<br>Schweregef\u00fchl im Kopf, steife Schultern\/R\u00fcckenschmerzen, Mundtrockenheit, Schwindel beim Aufstehen, \u00dcbelkeit, kalter Schwei\u00df und bei Frauen unregelm\u00e4\u00dfige Perioden, Verschlimmerung der pr\u00e4menstruellen Symptome usw.<\/pre>\n\n\n\n<h3 class=\"wp-block-heading\"><strong><strong>2. PANIKST\u00d6RUNG:<\/strong><\/strong><\/h3>\n\n\n\n<pre class=\"wp-block-preformatted\">SYMPTOME VON PANIKST\u00d6RUNG:<br>Das pl\u00f6tzliche Erleben einer Panikattacke ist eine Erfahrung, die nicht selten das ganze Leben ver\u00e4ndert !<br>Ab diesem Tag kann der Alltag von der \"Angst vor der Angst\" bestimmt werden.<br><br>Die Panikst\u00f6rung ist gekennzeichnet durch wiederholte Panikattacken<br>(episodisch paroxysmale Angst).<br>Eine Panikattacke wird charakterisiert durch;<\/pre>\n\n\n\n<ul class=\"wp-block-list\">\n<li>akuten Beginn<\/li>\n\n\n\n<li>heftige k\u00f6rperbezogene Angstzust\u00e4nde von kurzer Dauer(Todesangst durch Herzversagen, Ersticken)<\/li>\n\n\n\n<li>ausgepr\u00e4gte k\u00f6rperliche Symptome(wie Tachykardie, Brustschmerz, Hyperventilation, Schwindel)<\/li>\n<\/ul>\n\n\n\n<pre class=\"wp-block-preformatted\">Die Panikst\u00f6rung wird oft von Agoraphobie gefolgt,<br>weil Orte, die panisch besetzt sind, gemieden werden.<br><br>Panikattacken werden h\u00e4ufig v\u00f6llig unterschiedlich erlebt.<br>Die h\u00e4ufigsten Symptome die auftreten k\u00f6nnen, sind:<\/pre>\n\n\n\n<ul class=\"wp-block-list\">\n<li>Atemnot bis hin zum Erstickungsgef\u00fchl<\/li>\n\n\n\n<li>Hyperventilation<\/li>\n\n\n\n<li>Benommenheit<\/li>\n\n\n\n<li>Herzklopfen, Herzrasen und erh\u00f6hter Blutdruck<\/li>\n\n\n\n<li>Zittern<\/li>\n\n\n\n<li>Schwei\u00dfausbr\u00fcche und Hitzewallungen<\/li>\n\n\n\n<li>\u00dcbelkeit<\/li>\n\n\n\n<li>Realit\u00e4tsverlust<\/li>\n\n\n\n<li>Engegef\u00fchl in der Brust und der Kehle<\/li>\n\n\n\n<li>Todesangst<\/li>\n\n\n\n<li>Angst, verr\u00fcckt zu werden und\/oder die Kontrolle zu verlieren<\/li>\n<\/ul>\n\n\n\n<h3 class=\"wp-block-heading\"><strong><strong><strong>3. Anhaltende affektive St\u00f6rungen, Dysthymie :<\/strong><\/strong><\/strong><\/h3>\n\n\n\n<pre class=\"wp-block-preformatted\">Diese St\u00f6rung ist eine Unterform<br>einer chronischen depressiven Verstimmung,<br>ist nicht so schwer wie diese, dauert aber l\u00e4nger an.<br>Die Betroffenen sind mindestens zwei Jahre lang depressiv,<br>erleben jedoch manchmal auch positive Tage oder Wochen,<br>in denen sie eine gute Stimmung haben.<br>Meistens sind sie jedoch m\u00fcde, erfolglos und niedergeschlagen.<br>Die lang anhaltenden depressiven Phasen sind gepr\u00e4gt<br>durch eine depressive Niedergeschlagenheit,<br>eine St\u00f6rung des Selbstwertgef\u00fchls, Unsicherheit,<br>Selbstzweifel und starke Angst.<br>Im Allgemeinen geht man davon aus,<br>dass die Symptomatik allerdings oft schon<br>im Jugend- bzw. jungen Erwachsenenalter beginnt<br>und unbehandelt oft einen chronischen Verlauf nimmt.<br>Aber diese Krankheit hat ihre Ursache nicht in der Pers\u00f6nlichkeit.<br>Anhaltende affektive St\u00f6rungen k\u00f6nnen<br>durch die Interpersonelle Psychotherapie behandelt werden.<\/pre>\n\n\n\n<h3 class=\"wp-block-heading\"><strong><strong><strong><strong>4. Anpassungsst\u00f6rungen:<\/strong><\/strong><\/strong><\/strong><\/h3>\n\n\n\n<pre class=\"wp-block-preformatted\">Bei den Anpassungsst\u00f6rungen handelt es sich um Zust\u00e4nde<br>subjektiven Leidens und emotionaler Beeintr\u00e4chtigung,<br>nach einer entscheidenden oder<br>einschneidenden Lebensver\u00e4nderung,<br>die nach den belastenden Lebensereignissen<br>(z.B. Trennungserlebnis, anstrengende Arbeit, Arbeitswechsel,<br>anpassende Erfahrung und Leben,<br>Problem mit dem Kollegen\/Vorgesetzter)<br>auftreten k\u00f6nnen.<br>Man spricht von Anpassungsst\u00f6rung insofern,<br>weil den Betroffenen eine gelungene Bew\u00e4ltigung, sprich<br>Anpassung nicht mehr gelingen kann.<br>Die Symptome sind unterschiedlich und<br>umfassen depressive Stimmung, Angst, Besorgnis,<br>ein Gef\u00fchl unm\u00f6glich zurecht zu kommen, vorauszuplanen<br>oder in der gegenw\u00e4rtigen Situation fortfahren zu k\u00f6nnen.<br>Aber au\u00dfer der Anpassungssituation erscheint<br>kein Symptom mehr (z.B. am Wochenende, zu Hause).<\/pre>\n\n\n\n<h3 class=\"wp-block-heading\"><strong><strong><strong><strong><strong>5. PTSD Posttraumatische Belastungsst\u00f6rung:<\/strong><\/strong><\/strong><\/strong><\/strong><\/h3>\n\n\n\n<pre class=\"wp-block-preformatted\">Personen, denen etwas nicht Allt\u00e4gliches (z.B. Unf\u00e4lle, Ungl\u00fccke) widerfahren ist,<br>sind oft geschenkt bzw. traumatisiert.<br>z.B. nach dem Erdbeben in Kobe bzw. in Tohoku vom 11. 03.<br>Wenn man Leidtragender eines solchen Ereignisses ist,<br>das man nicht selbst kontolollieren kann,<br>lost dies oft eine seelische Wunde aus.<br>Das Trauma verursacht danach seelische und k\u00f6rperliche Probleme.<br>PTSD ist eine Folgeerscheinung, wobei die seelische Wunde dauerhaft verbleibt.<br><br>SYMPTOME VON DER PTSD Posttraumatische Belastungsst\u00f6rung:<br>Flashback, h\u00e4ufiges Auftreten von Nachhallerinnerungen des Traumas<br>\u3000 vielmals sich zu erringen,<br>\u3000 die Erfahrung von (der Ursache) des Traumas<br>\u3000 Alptr\u00e4ume<br><br>anhaltende Vermeidung<br>\u3000 Vermeiden von Dingen, die an das Trauma erinnern<br>\u3000 Bem\u00fchungen, Dinge in der Umwelt (Person, Orte, Datum, Gespr\u00e4che,<br>\u3000 Aktivit\u00e4ten, Gegenst\u00e4nde, Situation, \u00e4hnliche Person, \u00e4hnliche<br>\u3000 Situation) zu vermeiden, die sich auf das oder die<br>\u3000 Ereignisse beziehen oder eng mit diesem\/diesen verbunden sind<br>\u3000 Angst vor der \u00e4hnlichen Person, das Trauma verursacht hat<br><br>Deutliche Ver\u00e4nderung und Steigerung des Erregungsniveaus und der Reaktiviertheit<br>\u3000 Schlaflosigkeit<br>\u3000 leichte Erregbarkeit<br>\u3000 geringeres Konzentrationsverm\u00f6gen<br>\u3000 \u00dcberm\u00e4\u00dfige Wachsamkeit (Hypervigilanz)<br>\u3000 \u00dcbertriebene Schreckreaktion<br>\u3000 Wutausbr\u00fcche, die sich moistens gegen die Familie richten<br>\u3000 Aufschneiden der Pulsaden \u00fcberm\u00e4\u00dfige Nahrungszufuhr<br>\u3000 ohne bzw.mit Eigenwahrnehmung<br><br>Dissoziative Symptome<br>\u3000 Derealisation<br>\u3000 wie im Traum, entfernt oder verzerrt wahrgenommen<br>\u3000 keine Erinnerung<br>\u3000 z.B. Aufschneiden der Pulsadern, \u00fcberm\u00e4\u00dfige Nahrungszufur<br>\u3000 ohne Eigenwahrnehmung<br><br>Probleme mit der Erinnerung, und Einschluss von der Erinnerung<br>\u3000 Eigene Erfahrungen, an die keinerei Erinnerung vorhanden ist bzw.<br>\u3000 die bewusst verdr\u00e4ngt werden. z.B. Ladendiebstahl, bzw.<br><br>Gef\u00fchlsschwankungen, Angst, Depressive Stimmung<br>\u3000 N\u00e4chtliche Angstzust\u00e4nde bei Alleinsein<br>\u3000 heftige Gef\u00fchlsschwankungen<br>\u3000 Selbsthass<br>\u3000 Depressive Stimmung<br>\u3000 Kein Zukunftsgef\u00fchl<br>\u3000 Gef\u00fchle der Abgetrenntheit oder Entfremdung von bestimmten<br>\u3000 Personen<br>\u3000 Deutlich beschr\u00e4nkte Geg\u00fchlsausdr\u00fccke<br>\u3000 ( z.B. Angst, sich zu verlieben, keine Selbstwertgeh\u00fchl,<br>\u3000 keine (Vater- bzw.) Mutterliebe,usw.)<br>\u3000 Energielosigkeit<br>\u3000 Anhaltende Unf\u00e4higkeit, positive Gef\u00fchle zu empfinden<br>\u3000 (z.B. Gl\u00fcck, Zufriedenheit, Gef\u00fchle der Zuneigung)<br><br>Gef\u00fchl der Selbstverneinung<br>\u3000 Kein Selbstwertgef\u00fchl<br>\u3000 Schuldgef\u00fchle<br><br><br>Komplexe Posttraumatische Belastungsst\u00f6rung (komplexe PTSD)<br>Schlechte Erfahrungen, die nicht von Unf\u00e4llen\/ Ungr\u00fccken verursacht wurden<br>\u3000 z.B. Mobbing in der Schule,<br>\u3000 andauernde Misshandlung, usw.<br>\u3000 andauernde Misshandlung von Eltern oder Gro\u00dfeltern<br>\u3000 w\u00e4hrend der Kindheit<br>\u3000 andauernder Streit der Eltern vor den Augen der Kinder<br>\u3000 geringeres Selbstschuldgef\u00fchl gegen\u00fcber Geschwistern<br>\u3000 Scheidung der Eltern, und Probleme mit den neuen Stiefertern und<br>\u3000 neuen Stieflgeschwistern<br>\u3000 Sexelle Gewaltein\u00fcbung seitens des Vaters oder anderer<br>\u3000 Mobbing von Klassenkameraden oder dem Lehrer in der Schule<br>\u3000 Vertrautensbruch von guten Freunden\/ Freundinnen<br>\u3000 einseitiger Disput mit vertrauter Lehrkraft<br>\u3000 Trenung von Lebenspartener\/n<br>Nachdem diese schlechten andauernden Erfahrungen zusammen<br>gekommen sind, hat eine Patientin manchmal Angst davor, jemanden zu<br>treffen, jemandem zu vertrauen, bzw. kann eine Patientin manchmal<br>keine Selbswerttgef\u00fchl<br>Es ist f\u00fcr diese Patientin sehr wichtig, Menschen zu finden,<br>die sie unterst\u00fctzen und mit denen sie ihre Gef\u00fchle teilen kann.<br><br>Behandlungen von PTSD\/Trauma:<br>PTSD ist eine der Krankheiten, die bestimmt geheilt werden k\u00f6nnen.<br>Gegen PTSD gibt es Pharmakotherapie, Japanische Kanpo Heilkr\u00e4uterarznei, Kognitive Verhaltens Therapie (KVS), und Interprsonelle Psychotherapie (IPT).<br>Wir k\u00f6nnen Pharmakotherapie, Japanische Kanpo Heilk\u00e4uterarznei geben und,<br>eine Beratrin bei der Kognitive Verhaltung Therapie (KVS) auf Deutsch gegeben wird, empfhelen.<br>Am wichtigsten ist, dass eine Patientin gut verstehet,<br>ihre Krankheitsverlauf gut nachvollziehen kann, und den Grund f\u00fcr das Trauma versteht.<br>Deshalb soll f\u00fcr eine Patientin in der Praxis Erde eine Diegnose erstellt werden.<\/pre>\n\n\n\n<h3 class=\"wp-block-heading\" id=\"ADHS\"><strong><strong><strong><strong><strong><strong>6. ADHS \/ADS<\/strong><\/strong><\/strong><\/strong><\/strong><\/strong><\/h3>\n\n\n\n<pre class=\"wp-block-preformatted\">die Aufmerksamkeitsdefizit-\/ Hyperaktivit\u00e4tsst\u00f6rung<br><br>Symptome von ADHS\/ADS:<br>Unaufmerksamkeit\u3000<br>\u2022 schlechte Konzentration<br>\u2022 leichte Ablenkbarkeit<br>\u2022 Vergesslichkeit<br><br>Impulsivit\u00e4t<br>\u2022 st\u00e4ndiges Unterbrechen und St\u00f6ren anderer<br>\u2022 Herausplatzen mit Antworten<br>\u2022 nicht warten k\u00f6nnen<br><br>Hyperaktivit\u00e4t<br>\u2022 extremer Bewegungsdrang<br>\u2022 motorische Unruhe<br>\u2022 st\u00e4ndiges Laufen und Klettern<br>\u2022 Ruhelosigkeit\/Getriebenheit<br><br>ADHS-Kinder zeigen normalerweise Impulsivit\u00e4t und Hyperaktivit\u00e4t.<br>z.B. Konzentrationsmangel in der Schule.<br>Aber je mehr \u00e4lter ein Patient wird, desto mehr nimmt die Unaufmerksamkeit bedingt sind.<br>Die Probleme sind nicht nur auf bestimmte Situationen wie Schule oder Hausaufgaben beschr\u00e4nkt,<br>sondern treten fast durchgehend auf.<br>Und bei den Erwachsenen gibt es Probleme am Arbeitsplatz.<br>Jungen sind h\u00e4ufiger betroffen als M\u00e4dchen, manchmal wird das Vorliegen der St\u00f6rung bei M\u00e4dchen aber auch einfach \u00fcbersehen.<br><br>Probleme von ADHS:<br>ADHS verursacht Krankheiten, z.B. Depression, Anpassungsst\u00f6rungen, Burn-out-Syndrom, usw.<br><br>Therapie von ADHS:<br>Meistens behandeln wir mit Medikamenten.<br>Stratella, Concerta und Vyvanse f\u00fcr Kinder. Cocerta und Vyvanse sind von Facharzt in Japan verschrieben.<br>Dazu empfhelen wir soziale Kompetenztraining (Sozial Skill Training) SST.<\/pre>\n\n\n\n<h3 class=\"wp-block-heading\">\uff17. Schizophrenie, Schizoaffektive St\u00f6rung<\/h3>\n\n\n\n<pre class=\"wp-block-preformatted\"><strong>7-1, SYMPTOME VON SCHIZOPHRENIE:<\/strong><br>Positive Symptome<br>\u2022 Halluzination vor allem Geh\u00f6rhalluzination<br>\u2022 Wahnvorstellungen;<br>\u2022 Denkst\u00f6rungen (ungew\u00f6hnliche oder dysfunktionale Denkweisen)\uff1b<br>Denkst\u00f6rungen \u00e4u\u00dfern sich in Symptomen wie<br>\u2022 Bewegungsst\u00f6rungen Autopsiesymptome;<br>\u2022 Denkst\u00f6rungen<br>\u2022 Bizarres Verhalten<br>\u2022 Negative (Defizit-)Symptome;<br>\u2022 Emotionale Abstumpfung:<br>\u2022 Spracharmut:<br>\u2022 Verlust der Freude:<br>\u2022 Verminderte Geselligkeit:<br>\u2022 R\u00fcckgang der Motivation oder Eigeninitiative\uff1b<br><br><strong>7-2, SYMPTOME VON SCHIZOAFFEKTIVERST\u00d6RUNG:<\/strong><br>Eine psychische St\u00f6rung, die Merkmale von Schizophrenie und affektiven<br>St\u00f6rungen vereint.<br>Die Symptome einer schizoaffektiven St\u00f6rung weisen Merkmale sowohl der<br>Schizophrenie als auch von affektiven St\u00f6rungen auf.<br>Psychotische Symptome: Wahnvorstellungen, Halluzinationen, ungeordnetes<br>Denken oder Sprechen, extrem verwirrtes Verhalten oder negative Symptome<br>(wie emotionale Abstumpfung oder verminderte Motivation) sind vorhanden.<br>Stimmungssymptome: Eine schwere depressive Episode oder ein manischer<br>Zustand (euphorische oder gereizte Stimmung) tritt zusammen mit<br>psychotischen Symptomen auf.<br>Persistenz: Die psychotischen Symptome bestehen mindestens zwei Wochen<br>lang f\u00fcr sich allein, ohne dass dabei signifikante Symptome einer<br>Stimmungsst\u00f6rung auftreten.<br>Gesamtdauer: Stimmungssymptome und psychotische Symptome treten<br>zusammen \u00fcber den gr\u00f6\u00dften Teil des Lebens der Person auf<\/pre>\n\n\n\n<h3 class=\"wp-block-heading\"><strong><strong><strong><strong><strong><strong><strong>8. Kinder und Jugendliche:<\/strong><\/strong><\/strong><\/strong><\/strong><\/strong><\/strong><\/h3>\n\n\n\n<pre class=\"wp-block-preformatted\">Kinder und Jugendliche ab 12 Jahre (ab 7. Klasse),<br>Ab. 7 J\u00e4\uff48rige Kinder, bei denen schon eine ADHS-Diagnose gestellt wurde und die<br>Concerta oder Vyvanse einnehmen, k\u00f6nnen im Alter von \u00fcber sieben Jahren beobachtet<br>werden.<br>Mit z.B. Angstzust\u00e4nden, Motivations- Anpassungsschwierigkeiten<br>oder pubert\u00e4tsbedingten Problemen,<br>die sich u.a. in Gewalt gegen\u00fcber den Eltern<br>oder auch in allt\u00e4glichen zwischenmenschlichen<br>Beziehungen ausdr\u00fccken.<br>Selbstverletzung bei jungen Frauen.<br>Depression, anhaltende affektive St\u00f6rungen, PTSD,<br>Somatoforme St\u00f6rungen<br>( z.B. Bauchschmerzen, Erbrechen ohne Grund ) leiden,<br>k\u00f6nnen ohne Weiteres bei uns vorbeikommen.<br><br>ADHS Kinder k\u00f6nnen von meine Praxis Cocerta und Vyvanse, die registrierte<br>Arzneien in Japan, verschreiben werden.<br><br>Eltern mit Kindern, die an ADHS leiden und deren Zustand mit<br>diesem Medikament stabilisiert wird und k\u00f6nnen anstelle ihres Kindes auch ohne ihr Kind in meine Klinik kommen.<br><br>Wenn Ihr Kind nur das Asperger-Syndrom oder eine starke Asperger-Komponente hat, die auch mit ADHS einhergeht, kommt es f\u00fcr unsere Klinik nicht in Frage.<br><br>Wenn das Asperger-Syndrom jedoch ein starkes Element von Wut beinhaltet, k\u00f6nnen wir es m\u00f6glicherweise behandeln.<br><br>Diese Jugendlichen mit emotionalen St\u00f6rungen k\u00f6nnen mit Psychotherapie, vor allem durch das unterst\u00fctzende \u00e4rztliche Gespr\u00e4ch behandelt werden.<br><br>Krankheitssymptome bei Kindern und Jugendlichen:<br>Die Symptome einer psychischen Krankheit sind bei Kindern und Jugendlichen oft unterschiedlich.<br>Verwiegern des Schulbesuchs Probleme mit fr\u00fchem morgendliches Bauchweh, selbstverletzendes Verhalten (Pulsadernaufschneiden) meistens bei jungen Frauen.<br>Probleme mit den Erlern, Ladendiebstahl, Essst\u00f6rungen( Bulimie, Anorexie ), usw.<br><br>Therapie f\u00fcr Kinder und Jugendliche:<br>Bei uns k\u00f6nnen die Kinder und Jugendlichen sich meistens durch die Arznei besonders Kanpo Heilkr\u00e4uter<br>und ein \u00e4rztliches Gespr\u00e4ch behandeln lassen.<br>Am wichtigsten ist, dass die Familie, Freundin, Klassenlehrer \u00fcber den Zustand des Patienten aufgekl\u00e4rt werden.<br>Deshalb weihe ich eine dem Patienten nahe stehende Person gern in die in die Krankheitsgechichte ein.<br><br>Ein Abwesenheitsattest (z.B. f\u00fcr die Schule) kann problemlos ausgestellt werden.<br><br>In meiner Praxis arbeite ich bei Patienten, die Sch\u00fcler an der DSTY sind, mit der Schulpsychologin der DSTY zusammen, um die Behandlung durchzuf\u00fchren.<br>Dar\u00fcber hinaus empfehlen wir eine Therapie bei einer<br>Psychologin der DSTY. Unsere Klinik hat eine Zusammenarbeit mit<br>den Psychologinnen von DSTY aufgebaut.<br>Dar\u00fcber hinaus empfehlen wir eine Therapie bei einer Psychologin von DSTY. Unsere Klinik hat eine Zusammenarbeit mit den Psychologinnen von DSTY aufgebaut.<br><br>Nicht zu allen Kinderpatienten passen die Behandlungsmethoden, die ich in meiner Praxis anbiete<br>Wenn solche Kinderpatient f\u00fcr meine Praxis nicht geeignet ist,<br>k\u00f6nnte es sein, Ihrem Kind m\u00f6glicherweise ein anderes Krankenhaus f\u00fcr Kinder zu empfehlen.<\/pre>\n\n\n\n<div class=\"swell-block-capbox cap_box is-style-onborder_ttl\"><div class=\"cap_box_ttl\"><span><strong>Achtung !<\/strong><\/span><\/div><div class=\"cap_box_content\">\n<p>In der Praxis k\u00f6nnen zuerst leider&nbsp;keine Kinder<br>unter 12 Jahren, d.h. bis zur 7. Klasse, behandelt werden.<\/p>\n<\/div><\/div>\n","protected":false},"excerpt":{"rendered":"<p>BEHANDELBARE PSYCHISCHE S\u00d6RUNGEN Panikst\u00f6rungen, Agoraphobie, Sozial Phobien,Anpassungsst\u00f6rungen,Angstst\u00f6runge [&hellip;]<\/p>\n","protected":false},"author":1,"featured_media":0,"parent":0,"menu_order":0,"comment_status":"closed","ping_status":"closed","template":"","meta":{"swell_btn_cv_data":"","footnotes":""},"class_list":["post-30","page","type-page","status-publish","hentry"],"_links":{"self":[{"href":"https:\/\/mental-erde.com\/deutsch\/wp-json\/wp\/v2\/pages\/30","targetHints":{"allow":["GET"]}}],"collection":[{"href":"https:\/\/mental-erde.com\/deutsch\/wp-json\/wp\/v2\/pages"}],"about":[{"href":"https:\/\/mental-erde.com\/deutsch\/wp-json\/wp\/v2\/types\/page"}],"author":[{"embeddable":true,"href":"https:\/\/mental-erde.com\/deutsch\/wp-json\/wp\/v2\/users\/1"}],"replies":[{"embeddable":true,"href":"https:\/\/mental-erde.com\/deutsch\/wp-json\/wp\/v2\/comments?post=30"}],"version-history":[{"count":14,"href":"https:\/\/mental-erde.com\/deutsch\/wp-json\/wp\/v2\/pages\/30\/revisions"}],"predecessor-version":[{"id":149,"href":"https:\/\/mental-erde.com\/deutsch\/wp-json\/wp\/v2\/pages\/30\/revisions\/149"}],"wp:attachment":[{"href":"https:\/\/mental-erde.com\/deutsch\/wp-json\/wp\/v2\/media?parent=30"}],"curies":[{"name":"wp","href":"https:\/\/api.w.org\/{rel}","templated":true}]}}